{"id":23525,"date":"2021-01-30T21:04:29","date_gmt":"2021-01-30T20:04:29","guid":{"rendered":"https:\/\/www.cafmeythet.org\/wp\/?page_id=23525"},"modified":"2024-07-13T17:03:23","modified_gmt":"2024-07-13T15:03:23","slug":"la-vie-du-club","status":"publish","type":"page","link":"https:\/\/www.cafmeythet.org\/wp\/la-vie-du-club\/","title":{"rendered":"La vie du club"},"content":{"rendered":"\n<p><strong>L&#8217;assembl\u00e9e G\u00e9n\u00e9rale du club<\/strong> s&#8217;est tenue le 13 janvier 2024 dans la salle du M\u00e9t\u00e9ore.<\/p>\n\n\n\n<p>Suite \u00e0 cette AG et au Comit\u00e9 Directeur qui a suivi, les nouvelles fonctions sont d\u00e9crites ici <a href=\"https:\/\/www.cafmeythet.org\/wp\/2024\/01\/19\/bureau-et-fonctions-2024\/\">https:\/\/www.cafmeythet.org\/wp\/2024\/01\/19\/bureau-et-fonctions-2024\/<\/a><\/p>\n\n\n\n<p><strong>Situation actuelle<\/strong> <br>Actuellement nous sommes 529 adh\u00e9rents dont 114 nouveaux, un chiffre en l\u00e9ger retrait par rapport \u00e0 ceux de l&#8217;ann\u00e9e derni\u00e8re. Il est \u00e0 noter que plus de 90 % des licences (et des paiements) ont \u00e9t\u00e9 prises via l&#8217;extranet de la f\u00e9d\u00e9ration.<\/p>\n<h3>Images li\u00e9es:<\/h3>","protected":false},"excerpt":{"rendered":"<p>L&#8217;assembl\u00e9e G\u00e9n\u00e9rale du club s&#8217;est tenue le 13 janvier 2024 dans la salle du M\u00e9t\u00e9ore. Suite \u00e0 cette AG et au Comit\u00e9 Directeur qui a suivi, les nouvelles fonctions sont d\u00e9crites ici https:\/\/www.cafmeythet.org\/wp\/2024\/01\/19\/bureau-et-fonctions-2024\/ Situation actuelle Actuellement nous sommes 529 adh\u00e9rents dont 114 nouveaux, un chiffre en l\u00e9ger retrait par rapport \u00e0 ceux de l&#8217;ann\u00e9e derni\u00e8re. [&hellip;]<\/p>\n","protected":false},"author":172,"featured_media":0,"parent":0,"menu_order":0,"comment_status":"closed","ping_status":"closed","template":"","meta":{"ngg_post_thumbnail":0,"footnotes":""},"class_list":["post-23525","page","type-page","status-publish","hentry"],"_links":{"self":[{"href":"https:\/\/www.cafmeythet.org\/wp\/wp-json\/wp\/v2\/pages\/23525","targetHints":{"allow":["GET"]}}],"collection":[{"href":"https:\/\/www.cafmeythet.org\/wp\/wp-json\/wp\/v2\/pages"}],"about":[{"href":"https:\/\/www.cafmeythet.org\/wp\/wp-json\/wp\/v2\/types\/page"}],"author":[{"embeddable":true,"href":"https:\/\/www.cafmeythet.org\/wp\/wp-json\/wp\/v2\/users\/172"}],"replies":[{"embeddable":true,"href":"https:\/\/www.cafmeythet.org\/wp\/wp-json\/wp\/v2\/comments?post=23525"}],"version-history":[{"count":1,"href":"https:\/\/www.cafmeythet.org\/wp\/wp-json\/wp\/v2\/pages\/23525\/revisions"}],"predecessor-version":[{"id":35808,"href":"https:\/\/www.cafmeythet.org\/wp\/wp-json\/wp\/v2\/pages\/23525\/revisions\/35808"}],"wp:attachment":[{"href":"https:\/\/www.cafmeythet.org\/wp\/wp-json\/wp\/v2\/media?parent=23525"}],"curies":[{"name":"wp","href":"https:\/\/api.w.org\/{rel}","templated":true}]}}